{"id":1360,"date":"2020-11-23T16:04:17","date_gmt":"2020-11-23T16:04:17","guid":{"rendered":"http:\/\/www.muzikohl.fr\/Actu_Cie\/?page_id=1360"},"modified":"2021-02-19T10:48:00","modified_gmt":"2021-02-19T10:48:00","slug":"les-lectures-enchantees","status":"publish","type":"page","link":"http:\/\/www.muzikohl.fr\/Actu_Cie\/les-lectures-enchantees\/","title":{"rendered":"LES LECTURES ENCHANTEES"},"content":{"rendered":"\n<figure class=\"wp-block-image size-large\"><img loading=\"lazy\" decoding=\"async\" width=\"683\" height=\"1024\" src=\"http:\/\/www.muzikohl.fr\/Actu_Cie\/wp-content\/uploads\/2012\/04\/LECTURES-ENCHANT\u00c9ES-Retour-du-Monde-Affiche40x60-01-683x1024.jpg\" alt=\"\" class=\"wp-image-1315\" srcset=\"http:\/\/www.muzikohl.fr\/Actu_Cie\/wp-content\/uploads\/2012\/04\/LECTURES-ENCHANT\u00c9ES-Retour-du-Monde-Affiche40x60-01-683x1024.jpg 683w, http:\/\/www.muzikohl.fr\/Actu_Cie\/wp-content\/uploads\/2012\/04\/LECTURES-ENCHANT\u00c9ES-Retour-du-Monde-Affiche40x60-01-200x300.jpg 200w, http:\/\/www.muzikohl.fr\/Actu_Cie\/wp-content\/uploads\/2012\/04\/LECTURES-ENCHANT\u00c9ES-Retour-du-Monde-Affiche40x60-01-768x1152.jpg 768w, http:\/\/www.muzikohl.fr\/Actu_Cie\/wp-content\/uploads\/2012\/04\/LECTURES-ENCHANT\u00c9ES-Retour-du-Monde-Affiche40x60-01.jpg 787w\" sizes=\"(max-width: 683px) 100vw, 683px\" \/><\/figure>\n\n\n\n<p><strong>LES LECTURES ENCHANTEES<\/strong> sont des LECTURES-CONCERT m\u00ealant lectures de textes et chansons avec ou sans musicien. La premi\u00e8re de ces lectures  <strong>RETOUR DU MONDE<\/strong> aura lieu  <strong>VENDREDI 16 AVRIL \u00e0 LA MEDIATHEQUE DE REXPO\u00cbDE <\/strong>           Elle aura pour th\u00e8me LA RELECTURE DU MONDE dans le cadre des NUITS DE LA LECTURE<\/p>\n\n\n\n<p>La seconde lecture-concert sera consacr\u00e9e \u00e0 deux chansonniers Tourquennois VICTOR CAPART et JULES WATTEEUW dit LE BROUTTEUX. elle se d\u00e9roulera                           <strong>SAMEDI 30 JANVIER et SAMEDI 16 AVRIL  (repr\u00e9sentations report\u00e9es fin 2021)                                                                          aux ARCHIVES MUNICIPALES DE TOURCOING<\/strong> <\/p>\n\n\n\n<figure class=\"wp-block-image size-large\"><img loading=\"lazy\" decoding=\"async\" width=\"682\" height=\"1024\" src=\"http:\/\/www.muzikohl.fr\/Actu_Cie\/wp-content\/uploads\/2012\/04\/ALMANACH-CHANTANT-Affiche40x60-02-682x1024.jpg\" alt=\"\" class=\"wp-image-1316\" srcset=\"http:\/\/www.muzikohl.fr\/Actu_Cie\/wp-content\/uploads\/2012\/04\/ALMANACH-CHANTANT-Affiche40x60-02-682x1024.jpg 682w, http:\/\/www.muzikohl.fr\/Actu_Cie\/wp-content\/uploads\/2012\/04\/ALMANACH-CHANTANT-Affiche40x60-02-200x300.jpg 200w, http:\/\/www.muzikohl.fr\/Actu_Cie\/wp-content\/uploads\/2012\/04\/ALMANACH-CHANTANT-Affiche40x60-02-768x1152.jpg 768w, http:\/\/www.muzikohl.fr\/Actu_Cie\/wp-content\/uploads\/2012\/04\/ALMANACH-CHANTANT-Affiche40x60-02.jpg 787w\" sizes=\"(max-width: 682px) 100vw, 682px\" \/><\/figure>\n","protected":false},"excerpt":{"rendered":"<p>LES LECTURES ENCHANTEES sont des LECTURES-CONCERT m\u00ealant lectures de textes et chansons avec ou sans musicien. La premi\u00e8re de ces lectures RETOUR DU MONDE aura lieu VENDREDI 16 AVRIL \u00e0 LA MEDIATHEQUE DE REXPO\u00cbDE Elle aura pour th\u00e8me LA RELECTURE &hellip; <a href=\"http:\/\/www.muzikohl.fr\/Actu_Cie\/les-lectures-enchantees\/\">Continuer la lecture <span class=\"meta-nav\">&rarr;<\/span><\/a><\/p>\n","protected":false},"author":1,"featured_media":0,"parent":0,"menu_order":0,"comment_status":"closed","ping_status":"closed","template":"","meta":{"ngg_post_thumbnail":0,"footnotes":""},"_links":{"self":[{"href":"http:\/\/www.muzikohl.fr\/Actu_Cie\/wp-json\/wp\/v2\/pages\/1360"}],"collection":[{"href":"http:\/\/www.muzikohl.fr\/Actu_Cie\/wp-json\/wp\/v2\/pages"}],"about":[{"href":"http:\/\/www.muzikohl.fr\/Actu_Cie\/wp-json\/wp\/v2\/types\/page"}],"author":[{"embeddable":true,"href":"http:\/\/www.muzikohl.fr\/Actu_Cie\/wp-json\/wp\/v2\/users\/1"}],"replies":[{"embeddable":true,"href":"http:\/\/www.muzikohl.fr\/Actu_Cie\/wp-json\/wp\/v2\/comments?post=1360"}],"version-history":[{"count":4,"href":"http:\/\/www.muzikohl.fr\/Actu_Cie\/wp-json\/wp\/v2\/pages\/1360\/revisions"}],"predecessor-version":[{"id":1361,"href":"http:\/\/www.muzikohl.fr\/Actu_Cie\/wp-json\/wp\/v2\/pages\/1360\/revisions\/1361"}],"wp:attachment":[{"href":"http:\/\/www.muzikohl.fr\/Actu_Cie\/wp-json\/wp\/v2\/media?parent=1360"}],"curies":[{"name":"wp","href":"https:\/\/api.w.org\/{rel}","templated":true}]}}