{"id":127,"date":"2012-02-03T15:25:39","date_gmt":"2012-02-03T15:25:39","guid":{"rendered":"http:\/\/www.muzikohl.fr\/Actu_Cie\/?page_id=127"},"modified":"2019-12-26T18:18:21","modified_gmt":"2019-12-26T18:18:21","slug":"le-spectacle","status":"publish","type":"page","link":"https:\/\/www.muzikohl.fr\/Actu_Cie\/les-zharengueur\/le-spectacle\/","title":{"rendered":"Le spectacle"},"content":{"rendered":"<p><a href=\"http:\/\/www.muzikohl.fr\/Actu_Cie\/wp-content\/uploads\/2019\/04\/DE-LA-MER-A-LA-MINE-12.jpg\" title=\"\" rel=\"lightbox127\"><img loading=\"lazy\" decoding=\"async\" class=\"aligncenter size-full wp-image-1152\" src=\"http:\/\/www.muzikohl.fr\/Actu_Cie\/wp-content\/uploads\/2019\/04\/DE-LA-MER-A-LA-MINE-12.jpg\" alt=\"\" width=\"429\" height=\"235\" srcset=\"https:\/\/www.muzikohl.fr\/Actu_Cie\/wp-content\/uploads\/2019\/04\/DE-LA-MER-A-LA-MINE-12.jpg 429w, https:\/\/www.muzikohl.fr\/Actu_Cie\/wp-content\/uploads\/2019\/04\/DE-LA-MER-A-LA-MINE-12-300x164.jpg 300w\" sizes=\"(max-width: 429px) 100vw, 429px\" \/><\/a><\/p>\n<p>BERNARD DEBREYNE et REGIS BERTEIN aiment partager la sc\u00e8ne et leur art que ce soit \u00e0 L\u2019OLYMPIA avec les chansonniers et musiciens Dunkerquois ou avec les chorales qu\u2019anime r\u00e9guli\u00e8rement R\u00e9gis, les SOUVENIRS DE VILLAGE ou LES PETITS BISTROTS DU COIN que raconte Bernard avec des groupes d\u2019amateurs qu\u2019il met en sc\u00e8ne pour l\u2019occasion.<\/p>\n<p><strong>DE LA MER A LA MINE<\/strong>, c\u2019est l\u2019opportunit\u00e9 pour des choristes et musiciens amateurs de revisiter ou d\u00e9couvrir un r\u00e9pertoire de chansons vari\u00e9es qui racontent notre R\u00e9gion avec ses traditions, ses histoires, ses parlers et patois si diff\u00e9rents d\u2019une ville ou d\u2019une \u00e9poque \u00e0 l\u2019autre.<\/p>\n<p><strong>DE LA MER A LA MINE, <\/strong>c\u2019est une aventure partag\u00e9e, l\u2019occasion pour des musiciens et chanteurs amateurs de partager la sc\u00e8ne avec R\u00e9gis et Bernard autour d\u2019un r\u00e9pertoire qui r\u00e9sonne aux oreilles de chacun, qui touche le public qui le re\u00e7oit &nbsp;parce que ces chansons font partie de nous et que ces chanteurs nous racontent nous, fils et filles de la mer ou de la mine, du Nord ou du Pas-De-Calais.<\/p>\n<p><a href=\"http:\/\/www.muzikohl.fr\/Actu_Cie\/wp-content\/uploads\/2019\/04\/DE-LA-MER-A-LA-MINE-02.jpg\" title=\"\" rel=\"lightbox127\"><img loading=\"lazy\" decoding=\"async\" class=\"aligncenter size-large wp-image-1151\" src=\"http:\/\/www.muzikohl.fr\/Actu_Cie\/wp-content\/uploads\/2019\/04\/DE-LA-MER-A-LA-MINE-02-1024x695.jpg\" alt=\"\" width=\"584\" height=\"396\" srcset=\"https:\/\/www.muzikohl.fr\/Actu_Cie\/wp-content\/uploads\/2019\/04\/DE-LA-MER-A-LA-MINE-02-1024x695.jpg 1024w, https:\/\/www.muzikohl.fr\/Actu_Cie\/wp-content\/uploads\/2019\/04\/DE-LA-MER-A-LA-MINE-02-300x204.jpg 300w, https:\/\/www.muzikohl.fr\/Actu_Cie\/wp-content\/uploads\/2019\/04\/DE-LA-MER-A-LA-MINE-02-768x521.jpg 768w, https:\/\/www.muzikohl.fr\/Actu_Cie\/wp-content\/uploads\/2019\/04\/DE-LA-MER-A-LA-MINE-02-442x300.jpg 442w, https:\/\/www.muzikohl.fr\/Actu_Cie\/wp-content\/uploads\/2019\/04\/DE-LA-MER-A-LA-MINE-02.jpg 1632w\" sizes=\"(max-width: 584px) 100vw, 584px\" \/><\/a><\/p>\n<p><strong>DE LA MER A LA MINE<\/strong>, c\u2019est un tour de chant qui peut \u00eatre repr\u00e9sent\u00e9 en salle de spectacles et salle des f\u00eates \u00e9quip\u00e9es ou non \u00e9quip\u00e9es.<\/p>\n<p><strong>DE LA MER A LA MINE<\/strong> est propos\u00e9 en formule l\u00e9g\u00e8re PIANO-CHANT pour les petites structures (m\u00e9diath\u00e8ques, \u00e9coles, maisons de retraite \u2026) en version acoustique ou sonoris\u00e9e (LA CIE MUZIKOHL am\u00e8ne sa sonorisation)<\/p>\n<p style=\"text-align: center;\"><span style=\"color: #ff0000;\"><strong>PROCHAINES DATES<\/strong><\/span><\/p>\n<p><span style=\"color: #ff9900;\"><strong>SAMEDI 28 MARS-GRENAY ESPACE CULTUREL RONNY&nbsp;<\/strong><b>COUTTEURE<\/b><\/span><\/p>\n<p>&nbsp;<\/p>\n<p>&nbsp;<\/p>\n<p>&nbsp;<\/p>\n<p>&nbsp;<\/p>\n","protected":false},"excerpt":{"rendered":"<p>BERNARD DEBREYNE et REGIS BERTEIN aiment partager la sc\u00e8ne et leur art que ce soit \u00e0 L\u2019OLYMPIA avec les chansonniers et musiciens Dunkerquois ou avec les chorales qu\u2019anime r\u00e9guli\u00e8rement R\u00e9gis, les SOUVENIRS DE VILLAGE ou LES PETITS BISTROTS DU COIN &hellip; <a href=\"https:\/\/www.muzikohl.fr\/Actu_Cie\/les-zharengueur\/le-spectacle\/\">Continuer la lecture <span class=\"meta-nav\">&rarr;<\/span><\/a><\/p>\n","protected":false},"author":1,"featured_media":0,"parent":80,"menu_order":0,"comment_status":"closed","ping_status":"closed","template":"sidebar-page.php","meta":{"ngg_post_thumbnail":0,"footnotes":""},"_links":{"self":[{"href":"https:\/\/www.muzikohl.fr\/Actu_Cie\/wp-json\/wp\/v2\/pages\/127"}],"collection":[{"href":"https:\/\/www.muzikohl.fr\/Actu_Cie\/wp-json\/wp\/v2\/pages"}],"about":[{"href":"https:\/\/www.muzikohl.fr\/Actu_Cie\/wp-json\/wp\/v2\/types\/page"}],"author":[{"embeddable":true,"href":"https:\/\/www.muzikohl.fr\/Actu_Cie\/wp-json\/wp\/v2\/users\/1"}],"replies":[{"embeddable":true,"href":"https:\/\/www.muzikohl.fr\/Actu_Cie\/wp-json\/wp\/v2\/comments?post=127"}],"version-history":[{"count":32,"href":"https:\/\/www.muzikohl.fr\/Actu_Cie\/wp-json\/wp\/v2\/pages\/127\/revisions"}],"predecessor-version":[{"id":378,"href":"https:\/\/www.muzikohl.fr\/Actu_Cie\/wp-json\/wp\/v2\/pages\/127\/revisions\/378"}],"up":[{"embeddable":true,"href":"https:\/\/www.muzikohl.fr\/Actu_Cie\/wp-json\/wp\/v2\/pages\/80"}],"wp:attachment":[{"href":"https:\/\/www.muzikohl.fr\/Actu_Cie\/wp-json\/wp\/v2\/media?parent=127"}],"curies":[{"name":"wp","href":"https:\/\/api.w.org\/{rel}","templated":true}]}}