{"id":1341,"date":"2020-11-23T13:46:44","date_gmt":"2020-11-23T13:46:44","guid":{"rendered":"http:\/\/www.muzikohl.fr\/Actu_Cie\/?page_id=1341"},"modified":"2022-11-08T09:57:28","modified_gmt":"2022-11-08T09:57:28","slug":"chansons-a-la-carte","status":"publish","type":"page","link":"https:\/\/www.muzikohl.fr\/Actu_Cie\/chansons-a-la-carte\/","title":{"rendered":"CHANSONS A LA CARTE"},"content":{"rendered":"\n\n\n<figure class=\"wp-block-image size-large\"><img loading=\"lazy\" decoding=\"async\" width=\"683\" height=\"1024\" src=\"http:\/\/www.muzikohl.fr\/Actu_Cie\/wp-content\/uploads\/2012\/04\/CHANSONS-A-LA-CARTE-Affiche20x30-683x1024.jpg\" alt=\"\" class=\"wp-image-1323\" srcset=\"https:\/\/www.muzikohl.fr\/Actu_Cie\/wp-content\/uploads\/2012\/04\/CHANSONS-A-LA-CARTE-Affiche20x30-683x1024.jpg 683w, https:\/\/www.muzikohl.fr\/Actu_Cie\/wp-content\/uploads\/2012\/04\/CHANSONS-A-LA-CARTE-Affiche20x30-200x300.jpg 200w, https:\/\/www.muzikohl.fr\/Actu_Cie\/wp-content\/uploads\/2012\/04\/CHANSONS-A-LA-CARTE-Affiche20x30-768x1152.jpg 768w, https:\/\/www.muzikohl.fr\/Actu_Cie\/wp-content\/uploads\/2012\/04\/CHANSONS-A-LA-CARTE-Affiche20x30-1024x1536.jpg 1024w, https:\/\/www.muzikohl.fr\/Actu_Cie\/wp-content\/uploads\/2012\/04\/CHANSONS-A-LA-CARTE-Affiche20x30-1366x2048.jpg 1366w, https:\/\/www.muzikohl.fr\/Actu_Cie\/wp-content\/uploads\/2012\/04\/CHANSONS-A-LA-CARTE-Affiche20x30.jpg 1575w\" sizes=\"(max-width: 683px) 100vw, 683px\" \/><\/figure>\n\n\n\n<p><strong>Un spectacle de rue <\/strong><\/p>\n\n\n\n<p><strong>&nbsp; cr\u00e9\u00e9 en JUILLET 2020 \u00e0 MALO LES BAINS                                                         LANCEMENT DE SAISON MERICOURT ESPACE CULTUREL LA GARE<\/strong>,<strong> MAZINGARBE<\/strong><\/p>\n\n\n\n<p><strong>Dans leur bar \u00e0 musique mobile,<\/strong><\/p>\n\n\n\n<figure class=\"wp-block-image size-large\"><img loading=\"lazy\" decoding=\"async\" width=\"781\" height=\"549\" src=\"http:\/\/www.muzikohl.fr\/Actu_Cie\/wp-content\/uploads\/2020\/11\/CHANSONS-A-LA-CARTE-6.jpg\" alt=\"\" class=\"wp-image-1350\" srcset=\"https:\/\/www.muzikohl.fr\/Actu_Cie\/wp-content\/uploads\/2020\/11\/CHANSONS-A-LA-CARTE-6.jpg 781w, https:\/\/www.muzikohl.fr\/Actu_Cie\/wp-content\/uploads\/2020\/11\/CHANSONS-A-LA-CARTE-6-300x211.jpg 300w, https:\/\/www.muzikohl.fr\/Actu_Cie\/wp-content\/uploads\/2020\/11\/CHANSONS-A-LA-CARTE-6-768x540.jpg 768w, https:\/\/www.muzikohl.fr\/Actu_Cie\/wp-content\/uploads\/2020\/11\/CHANSONS-A-LA-CARTE-6-427x300.jpg 427w\" sizes=\"(max-width: 781px) 100vw, 781px\" \/><\/figure>\n\n\n\n<p>un pianiste de bar et deux\nserveurs aux allures branquignolesques <\/p>\n\n\n\n<p>servent des chansons aux\nclients du jour.<\/p>\n\n\n\n<figure class=\"wp-block-image size-large\"><img loading=\"lazy\" decoding=\"async\" width=\"1024\" height=\"673\" src=\"http:\/\/www.muzikohl.fr\/Actu_Cie\/wp-content\/uploads\/2020\/11\/CHANSONS-A-LA-CARTE-3-1024x673.jpg\" alt=\"\" class=\"wp-image-1347\" srcset=\"https:\/\/www.muzikohl.fr\/Actu_Cie\/wp-content\/uploads\/2020\/11\/CHANSONS-A-LA-CARTE-3-1024x673.jpg 1024w, https:\/\/www.muzikohl.fr\/Actu_Cie\/wp-content\/uploads\/2020\/11\/CHANSONS-A-LA-CARTE-3-300x197.jpg 300w, https:\/\/www.muzikohl.fr\/Actu_Cie\/wp-content\/uploads\/2020\/11\/CHANSONS-A-LA-CARTE-3-768x505.jpg 768w, https:\/\/www.muzikohl.fr\/Actu_Cie\/wp-content\/uploads\/2020\/11\/CHANSONS-A-LA-CARTE-3-1536x1010.jpg 1536w, https:\/\/www.muzikohl.fr\/Actu_Cie\/wp-content\/uploads\/2020\/11\/CHANSONS-A-LA-CARTE-3-2048x1346.jpg 2048w, https:\/\/www.muzikohl.fr\/Actu_Cie\/wp-content\/uploads\/2020\/11\/CHANSONS-A-LA-CARTE-3-456x300.jpg 456w\" sizes=\"(max-width: 1024px) 100vw, 1024px\" \/><\/figure>\n\n\n\n<p>chansons guinguette, chansons\nchtis, chansons vari\u00e9t\u00e9,<\/p>\n\n\n\n<p>chansons oc\u00e9anes, chansons\nvelocipediques, chansons de toujours&nbsp;\u2026<\/p>\n\n\n\n<p>le tout dans une ambiance de\nbistrot de rue o\u00f9 tout peut arriver&nbsp;!<\/p>\n\n\n\n<p><strong>2 repr\u00e9sentations de 45 minutes<\/strong><\/p>\n\n\n\n<p><strong>ou 5 sets de 20 minutes<\/strong><\/p>\n\n\n\n<figure class=\"wp-block-image size-large\"><img loading=\"lazy\" decoding=\"async\" width=\"683\" height=\"1024\" src=\"http:\/\/www.muzikohl.fr\/Actu_Cie\/wp-content\/uploads\/2020\/11\/CHANSONS-A-LA-CARTE-VELO-Affiche40x60-02-683x1024.jpg\" alt=\"\" class=\"wp-image-1354\" srcset=\"https:\/\/www.muzikohl.fr\/Actu_Cie\/wp-content\/uploads\/2020\/11\/CHANSONS-A-LA-CARTE-VELO-Affiche40x60-02-683x1024.jpg 683w, https:\/\/www.muzikohl.fr\/Actu_Cie\/wp-content\/uploads\/2020\/11\/CHANSONS-A-LA-CARTE-VELO-Affiche40x60-02-200x300.jpg 200w, https:\/\/www.muzikohl.fr\/Actu_Cie\/wp-content\/uploads\/2020\/11\/CHANSONS-A-LA-CARTE-VELO-Affiche40x60-02-768x1152.jpg 768w, https:\/\/www.muzikohl.fr\/Actu_Cie\/wp-content\/uploads\/2020\/11\/CHANSONS-A-LA-CARTE-VELO-Affiche40x60-02.jpg 787w\" sizes=\"(max-width: 683px) 100vw, 683px\" \/><\/figure>\n\n\n\n<p><strong>LE BICYCLE TOUR DE CHANT<\/strong><strong> <\/strong><\/p>\n\n\n\n<p>un tour d\u2019horizon des chansons \u00e0 la gloire du v\u00e9lo<\/p>\n\n\n\n<p>Dans leur bar musical mobile, <\/p>\n\n\n\n<p>un pianiste de bar et un serveur aux allures cyclotouristiques\n<\/p>\n\n\n\n<p>servent sur un plateau<\/p>\n\n\n\n<p>des chansons v\u00e9locip\u00e9diques aux clients du jour<\/p>\n\n\n\n<p>et les invite \u00e0&nbsp;\nreprendre en ch\u0153ur refrains et chansons <\/p>\n\n\n\n<p>&nbsp;\u00e0 la gloire de\nla petite reine.<\/p>\n\n\n\n<p>&nbsp;Le tout dans\nune ambiance de bistrot de rue <\/p>\n\n\n\n<p>o\u00f9 tout peut arriver&nbsp;!<\/p>\n\n\n\n<p><strong>2 repr\u00e9sentations de 45 minutes<\/strong><\/p>\n\n\n\n<p><strong>ou 5 sets de 20 minutes<\/strong><\/p>\n\n\n\n<p><strong>NOUS POUVONS EGALEMENT VOUS PROPOSER DES MENUS SUR UNE THEMATIQUE DE VOTRE CHOIX  OU NOUS ADAPTER \u00c0 VOTRE \u00c9V\u00c9NEMENT OU LANCEMENT DE SAISON- N&rsquo;H\u00c9SITEZ PAS \u00c0 NOUS CONSULTER<\/strong><\/p>\n\n\n\n<p><\/p>\n\n\n\n<p>&nbsp;<\/p>\n\n\n","protected":false},"excerpt":{"rendered":"<p>Un spectacle de rue &nbsp; cr\u00e9\u00e9 en JUILLET 2020 \u00e0 MALO LES BAINS LANCEMENT DE SAISON MERICOURT ESPACE CULTUREL LA GARE, MAZINGARBE Dans leur bar \u00e0 musique mobile, un pianiste de bar et deux serveurs aux allures branquignolesques servent des &hellip; <a href=\"https:\/\/www.muzikohl.fr\/Actu_Cie\/chansons-a-la-carte\/\">Continuer la lecture <span class=\"meta-nav\">&rarr;<\/span><\/a><\/p>\n","protected":false},"author":1,"featured_media":0,"parent":0,"menu_order":0,"comment_status":"closed","ping_status":"closed","template":"","meta":{"ngg_post_thumbnail":0,"footnotes":""},"_links":{"self":[{"href":"https:\/\/www.muzikohl.fr\/Actu_Cie\/wp-json\/wp\/v2\/pages\/1341"}],"collection":[{"href":"https:\/\/www.muzikohl.fr\/Actu_Cie\/wp-json\/wp\/v2\/pages"}],"about":[{"href":"https:\/\/www.muzikohl.fr\/Actu_Cie\/wp-json\/wp\/v2\/types\/page"}],"author":[{"embeddable":true,"href":"https:\/\/www.muzikohl.fr\/Actu_Cie\/wp-json\/wp\/v2\/users\/1"}],"replies":[{"embeddable":true,"href":"https:\/\/www.muzikohl.fr\/Actu_Cie\/wp-json\/wp\/v2\/comments?post=1341"}],"version-history":[{"count":8,"href":"https:\/\/www.muzikohl.fr\/Actu_Cie\/wp-json\/wp\/v2\/pages\/1341\/revisions"}],"predecessor-version":[{"id":1342,"href":"https:\/\/www.muzikohl.fr\/Actu_Cie\/wp-json\/wp\/v2\/pages\/1341\/revisions\/1342"}],"wp:attachment":[{"href":"https:\/\/www.muzikohl.fr\/Actu_Cie\/wp-json\/wp\/v2\/media?parent=1341"}],"curies":[{"name":"wp","href":"https:\/\/api.w.org\/{rel}","templated":true}]}}