{"id":1376,"date":"2020-11-23T16:39:18","date_gmt":"2020-11-23T16:39:18","guid":{"rendered":"http:\/\/www.muzikohl.fr\/Actu_Cie\/?page_id=1376"},"modified":"2025-02-19T10:41:51","modified_gmt":"2025-02-19T10:41:51","slug":"captain-moulfrite-et-son-mousse","status":"publish","type":"page","link":"https:\/\/www.muzikohl.fr\/Actu_Cie\/captain-moulfrite-et-son-mousse\/","title":{"rendered":"CAPTAIN MOULFRITE ET SON MOUSSE"},"content":{"rendered":"\n<figure class=\"wp-block-image size-large\"><img loading=\"lazy\" decoding=\"async\" width=\"683\" height=\"1024\" src=\"http:\/\/www.muzikohl.fr\/Actu_Cie\/wp-content\/uploads\/2020\/11\/MER-CAPTAIN-Affiche40x60-01-683x1024.jpg\" alt=\"\" class=\"wp-image-1380\" srcset=\"https:\/\/www.muzikohl.fr\/Actu_Cie\/wp-content\/uploads\/2020\/11\/MER-CAPTAIN-Affiche40x60-01-683x1024.jpg 683w, https:\/\/www.muzikohl.fr\/Actu_Cie\/wp-content\/uploads\/2020\/11\/MER-CAPTAIN-Affiche40x60-01-200x300.jpg 200w, https:\/\/www.muzikohl.fr\/Actu_Cie\/wp-content\/uploads\/2020\/11\/MER-CAPTAIN-Affiche40x60-01-768x1152.jpg 768w, https:\/\/www.muzikohl.fr\/Actu_Cie\/wp-content\/uploads\/2020\/11\/MER-CAPTAIN-Affiche40x60-01.jpg 886w\" sizes=\"(max-width: 683px) 100vw, 683px\" \/><\/figure>\n\n\n\n<p><strong><em>un tour d\u2019horizon de la chanson et des chanteurs&nbsp; <\/em><\/strong><\/p>\n\n\n\n<p><strong><em>du NORD et du PAS-DE-CALAIS<\/em><\/strong><\/p>\n\n\n\n<p>Apr\u00e8s plusieurs aventures communes dans le NORD et LE PAS-DE-CALAIS,&nbsp;                   &nbsp;REGIS BERTEIN et BERNARD DEBREYNE ont eu l\u2019envie de red\u00e9couvrir les chansons et les chanteurs de notre r\u00e9gion avec un tour de chant&nbsp;:&nbsp;&nbsp;&nbsp;&nbsp;&nbsp;<\/p>\n\n\n\n<p><strong>LE RECICHANTAL DE CAPTAIN MOULFRITE ET SON MOUSSE&nbsp;<\/strong>.&nbsp;&nbsp;&nbsp;&nbsp;&nbsp;&nbsp;&nbsp;&nbsp;&nbsp;&nbsp;&nbsp;&nbsp;&nbsp;&nbsp;&nbsp;&nbsp;&nbsp;&nbsp;&nbsp;&nbsp;&nbsp;&nbsp; Chansons du NORD (sa culture, ses traditions, sa gastronomie, les g\u00e9ants, la carbonnade flamande, la ducasse, la bi\u00e8re, la braderie, les moules frites, le carnaval, les chtis, les baraques \u00e0 frites ) chansons de marins (la mer et les harengs), chansons carnavalesques, chansons patoisantes et chansons du bassin minier.&nbsp;&nbsp;&nbsp;&nbsp;<\/p>\n\n\n\n<p> L\u2019occasion de d\u00e9couvrir ou de red\u00e9couvrir le patrimoine chansonnesque de notre R\u00e9gion<\/p>\n\n\n\n<p>un concert humoristique, festif et interactif avec le public&nbsp;! <\/p>\n\n\n\n<figure class=\"wp-block-image size-large\"><img loading=\"lazy\" decoding=\"async\" width=\"480\" height=\"661\" src=\"http:\/\/www.muzikohl.fr\/Actu_Cie\/wp-content\/uploads\/2020\/11\/75279174_3180371548671193_7368693588076527616_n-copie.jpg\" alt=\"\" class=\"wp-image-1383\" srcset=\"https:\/\/www.muzikohl.fr\/Actu_Cie\/wp-content\/uploads\/2020\/11\/75279174_3180371548671193_7368693588076527616_n-copie.jpg 480w, https:\/\/www.muzikohl.fr\/Actu_Cie\/wp-content\/uploads\/2020\/11\/75279174_3180371548671193_7368693588076527616_n-copie-218x300.jpg 218w\" sizes=\"(max-width: 480px) 100vw, 480px\" \/><\/figure>\n\n\n\n<p><\/p>\n\n\n\n<p><\/p>\n\n\n\n<p><\/p>\n","protected":false},"excerpt":{"rendered":"<p>un tour d\u2019horizon de la chanson et des chanteurs&nbsp; du NORD et du PAS-DE-CALAIS Apr\u00e8s plusieurs aventures communes dans le NORD et LE PAS-DE-CALAIS,&nbsp; &nbsp;REGIS BERTEIN et BERNARD DEBREYNE ont eu l\u2019envie de red\u00e9couvrir les chansons et les chanteurs de &hellip; <a href=\"https:\/\/www.muzikohl.fr\/Actu_Cie\/captain-moulfrite-et-son-mousse\/\">Continuer la lecture <span class=\"meta-nav\">&rarr;<\/span><\/a><\/p>\n","protected":false},"author":1,"featured_media":0,"parent":0,"menu_order":0,"comment_status":"closed","ping_status":"closed","template":"","meta":{"ngg_post_thumbnail":0,"footnotes":""},"_links":{"self":[{"href":"https:\/\/www.muzikohl.fr\/Actu_Cie\/wp-json\/wp\/v2\/pages\/1376"}],"collection":[{"href":"https:\/\/www.muzikohl.fr\/Actu_Cie\/wp-json\/wp\/v2\/pages"}],"about":[{"href":"https:\/\/www.muzikohl.fr\/Actu_Cie\/wp-json\/wp\/v2\/types\/page"}],"author":[{"embeddable":true,"href":"https:\/\/www.muzikohl.fr\/Actu_Cie\/wp-json\/wp\/v2\/users\/1"}],"replies":[{"embeddable":true,"href":"https:\/\/www.muzikohl.fr\/Actu_Cie\/wp-json\/wp\/v2\/comments?post=1376"}],"version-history":[{"count":9,"href":"https:\/\/www.muzikohl.fr\/Actu_Cie\/wp-json\/wp\/v2\/pages\/1376\/revisions"}],"predecessor-version":[{"id":1540,"href":"https:\/\/www.muzikohl.fr\/Actu_Cie\/wp-json\/wp\/v2\/pages\/1376\/revisions\/1540"}],"wp:attachment":[{"href":"https:\/\/www.muzikohl.fr\/Actu_Cie\/wp-json\/wp\/v2\/media?parent=1376"}],"curies":[{"name":"wp","href":"https:\/\/api.w.org\/{rel}","templated":true}]}}