{"id":1485,"date":"2023-09-21T13:07:53","date_gmt":"2023-09-21T13:07:53","guid":{"rendered":"http:\/\/www.muzikohl.fr\/Actu_Cie\/?page_id=1485"},"modified":"2025-02-19T10:48:23","modified_gmt":"2025-02-19T10:48:23","slug":"jai-tant-besoin-de-toi","status":"publish","type":"page","link":"https:\/\/www.muzikohl.fr\/Actu_Cie\/jai-tant-besoin-de-toi\/","title":{"rendered":"J&rsquo;AI TANT BESOIN DE TOI"},"content":{"rendered":"\n<figure class=\"wp-block-image size-large\"><img loading=\"lazy\" decoding=\"async\" width=\"683\" height=\"1024\" src=\"http:\/\/www.muzikohl.fr\/Actu_Cie\/wp-content\/uploads\/2023\/09\/BESOINDETOI-Affiche40x60-05-683x1024.jpg\" alt=\"\" class=\"wp-image-1484\" srcset=\"https:\/\/www.muzikohl.fr\/Actu_Cie\/wp-content\/uploads\/2023\/09\/BESOINDETOI-Affiche40x60-05-683x1024.jpg 683w, https:\/\/www.muzikohl.fr\/Actu_Cie\/wp-content\/uploads\/2023\/09\/BESOINDETOI-Affiche40x60-05-200x300.jpg 200w, https:\/\/www.muzikohl.fr\/Actu_Cie\/wp-content\/uploads\/2023\/09\/BESOINDETOI-Affiche40x60-05-768x1152.jpg 768w, https:\/\/www.muzikohl.fr\/Actu_Cie\/wp-content\/uploads\/2023\/09\/BESOINDETOI-Affiche40x60-05-1024x1536.jpg 1024w, https:\/\/www.muzikohl.fr\/Actu_Cie\/wp-content\/uploads\/2023\/09\/BESOINDETOI-Affiche40x60-05.jpg 1181w\" sizes=\"(max-width: 683px) 100vw, 683px\" \/><\/figure>\n\n\n\n<p><strong>jolie fille,Je ne sais pourquoi j\u2019allais danser, et tu danses avec lui, une fleur rien qu\u2019une rose, vous permettez monsieur, elle court la maladie d\u2019amour, l\u2019amour est un bouquet de violettes, inutile de dire je t\u2019aime, et surtout ne m\u2019oublie pas ,la vie commence \u00e0 60 ans, j\u2019ai tant besoin de toi&nbsp;!<\/strong><\/p>\n\n\n\n<p><strong>On vieillit ensemble et c\u2019est une chance<\/strong>, <strong>On s\u2019\u00e9paule, on est l\u00e0 l\u2019un pour l\u2019autre on se soutient et on se souvient.<\/strong><\/p>\n\n\n\n<p><strong>Un spectacle en chansons o\u00f9 un groupe de bal LES SEVENTIES<\/strong> <strong>se rem\u00e9more les souvenirs de bals et les chansons de jeunesse&nbsp;.<\/strong><\/p>\n\n\n\n<p><strong>spectacle cr\u00e9\u00e9 \u00e0 FORT-MARDYCK en 2023  \u00e0 l&rsquo;occasion de LA SEMAINE BLEUE et repr\u00e9sent\u00e9 en 2024 au BANQUET DES AIN\u00c9S DE LA VILLE DE CASSEL.<\/strong><\/p>\n\n\n\n<p><strong>Avec la participation du groupe LES SEVENTIES<\/strong><\/p>\n\n\n\n<figure class=\"wp-block-image size-large\"><img loading=\"lazy\" decoding=\"async\" width=\"683\" height=\"1024\" src=\"http:\/\/www.muzikohl.fr\/Actu_Cie\/wp-content\/uploads\/2025\/02\/SEVENTIES-Affiche40x60-03-683x1024.jpg\" alt=\"\" class=\"wp-image-1547\" srcset=\"https:\/\/www.muzikohl.fr\/Actu_Cie\/wp-content\/uploads\/2025\/02\/SEVENTIES-Affiche40x60-03-683x1024.jpg 683w, https:\/\/www.muzikohl.fr\/Actu_Cie\/wp-content\/uploads\/2025\/02\/SEVENTIES-Affiche40x60-03-200x300.jpg 200w, https:\/\/www.muzikohl.fr\/Actu_Cie\/wp-content\/uploads\/2025\/02\/SEVENTIES-Affiche40x60-03-768x1152.jpg 768w, https:\/\/www.muzikohl.fr\/Actu_Cie\/wp-content\/uploads\/2025\/02\/SEVENTIES-Affiche40x60-03-1024x1536.jpg 1024w, https:\/\/www.muzikohl.fr\/Actu_Cie\/wp-content\/uploads\/2025\/02\/SEVENTIES-Affiche40x60-03.jpg 1181w\" sizes=\"(max-width: 683px) 100vw, 683px\" \/><\/figure>\n\n\n\n<p><\/p>\n","protected":false},"excerpt":{"rendered":"<p>jolie fille,Je ne sais pourquoi j\u2019allais danser, et tu danses avec lui, une fleur rien qu\u2019une rose, vous permettez monsieur, elle court la maladie d\u2019amour, l\u2019amour est un bouquet de violettes, inutile de dire je t\u2019aime, et surtout ne m\u2019oublie &hellip; <a href=\"https:\/\/www.muzikohl.fr\/Actu_Cie\/jai-tant-besoin-de-toi\/\">Continuer la lecture <span class=\"meta-nav\">&rarr;<\/span><\/a><\/p>\n","protected":false},"author":1,"featured_media":0,"parent":0,"menu_order":0,"comment_status":"closed","ping_status":"closed","template":"","meta":{"ngg_post_thumbnail":0,"footnotes":""},"_links":{"self":[{"href":"https:\/\/www.muzikohl.fr\/Actu_Cie\/wp-json\/wp\/v2\/pages\/1485"}],"collection":[{"href":"https:\/\/www.muzikohl.fr\/Actu_Cie\/wp-json\/wp\/v2\/pages"}],"about":[{"href":"https:\/\/www.muzikohl.fr\/Actu_Cie\/wp-json\/wp\/v2\/types\/page"}],"author":[{"embeddable":true,"href":"https:\/\/www.muzikohl.fr\/Actu_Cie\/wp-json\/wp\/v2\/users\/1"}],"replies":[{"embeddable":true,"href":"https:\/\/www.muzikohl.fr\/Actu_Cie\/wp-json\/wp\/v2\/comments?post=1485"}],"version-history":[{"count":5,"href":"https:\/\/www.muzikohl.fr\/Actu_Cie\/wp-json\/wp\/v2\/pages\/1485\/revisions"}],"predecessor-version":[{"id":1486,"href":"https:\/\/www.muzikohl.fr\/Actu_Cie\/wp-json\/wp\/v2\/pages\/1485\/revisions\/1486"}],"wp:attachment":[{"href":"https:\/\/www.muzikohl.fr\/Actu_Cie\/wp-json\/wp\/v2\/media?parent=1485"}],"curies":[{"name":"wp","href":"https:\/\/api.w.org\/{rel}","templated":true}]}}